{"id":50,"date":"2014-05-22T13:50:00","date_gmt":"2014-05-22T13:50:00","guid":{"rendered":"http:\/\/www.speakers.co.uk\/microsites\/jose-maria-figueres\/?page_id=50"},"modified":"2014-05-22T13:50:00","modified_gmt":"2014-05-22T13:50:00","slug":"book-jose-maria-figueres","status":"publish","type":"page","link":"https:\/\/www.speakers.co.uk\/microsites\/jose-maria-figueres\/book-jose-maria-figueres\/","title":{"rendered":"Book Jos\u00e9 Mar\u00eda Figueres"},"content":{"rendered":"<h1 style=\"text-align: center; padding-bottom: 10px;\">To Book Jos\u00e9 Mar\u00eda Figueres<\/h1>\n[divider line_type=&#8221;Full Width Line&#8221; custom_height=&#8221;1&#8243;]\n<p style=\"padding-bottom:40px;\">\n<p>Jos\u00e9 Mar\u00eda Figueres is recognised as a world-class speaker and moderator. He has been a keynote speaker at many of the world&#8217;s most prestigious conferences and forums. He provides perspectives on future trends in an informative and thought provoking manner. Passion is undisputedly one of his strengths, but so is validity of his message. His inspirational presentations are both well researched and compelling.<\/p>\n<p>If you would like to book Jos\u00e9 Mar\u00eda for your next event, please call Dagmar O&#8217;Toole on +44 1628 601 462 or send an email to <a href=\"mailto:dagmar@speakers.co.uk\">dagmar@speakers.co.uk<\/a>.<\/p>\n","protected":false},"excerpt":{"rendered":"<p>To Book Jos\u00e9 Mar\u00eda Figueres [divider line_type=&#8221;Full Width Line&#8221; custom_height=&#8221;1&#8243;] Jos\u00e9 Mar\u00eda Figueres is recognised as a world-class speaker and moderator. He has been a keynote speaker at many of&#8230;<\/p>\n","protected":false},"author":1,"featured_media":0,"parent":0,"menu_order":0,"comment_status":"open","ping_status":"open","template":"","meta":{"footnotes":""},"class_list":["post-50","page","type-page","status-publish"],"_links":{"self":[{"href":"https:\/\/www.speakers.co.uk\/microsites\/jose-maria-figueres\/wp-json\/wp\/v2\/pages\/50","targetHints":{"allow":["GET"]}}],"collection":[{"href":"https:\/\/www.speakers.co.uk\/microsites\/jose-maria-figueres\/wp-json\/wp\/v2\/pages"}],"about":[{"href":"https:\/\/www.speakers.co.uk\/microsites\/jose-maria-figueres\/wp-json\/wp\/v2\/types\/page"}],"author":[{"embeddable":true,"href":"https:\/\/www.speakers.co.uk\/microsites\/jose-maria-figueres\/wp-json\/wp\/v2\/users\/1"}],"replies":[{"embeddable":true,"href":"https:\/\/www.speakers.co.uk\/microsites\/jose-maria-figueres\/wp-json\/wp\/v2\/comments?post=50"}],"version-history":[{"count":1,"href":"https:\/\/www.speakers.co.uk\/microsites\/jose-maria-figueres\/wp-json\/wp\/v2\/pages\/50\/revisions"}],"predecessor-version":[{"id":51,"href":"https:\/\/www.speakers.co.uk\/microsites\/jose-maria-figueres\/wp-json\/wp\/v2\/pages\/50\/revisions\/51"}],"wp:attachment":[{"href":"https:\/\/www.speakers.co.uk\/microsites\/jose-maria-figueres\/wp-json\/wp\/v2\/media?parent=50"}],"curies":[{"name":"wp","href":"https:\/\/api.w.org\/{rel}","templated":true}]}}