{"id":50,"date":"2015-01-16T09:25:09","date_gmt":"2015-01-16T09:25:09","guid":{"rendered":"http:\/\/www.speakers.co.uk\/microsites\/jp-vazques-sampere\/?page_id=50"},"modified":"2019-03-26T11:50:24","modified_gmt":"2019-03-26T11:50:24","slug":"book-juan-pablo-vazquez-sampere","status":"publish","type":"page","link":"https:\/\/www.speakers.co.uk\/microsites\/jp-vazquez-sampere\/book-juan-pablo-vazquez-sampere\/","title":{"rendered":"Book Juan Pablo V\u00e1zquez Sampere"},"content":{"rendered":"<h2 style=\"text-align: center; padding-bottom: 10px;\">To book Juan Pablo V\u00e1zquez Sampere<\/h2>\n[divider line_type=&#8221;Full Width Line&#8221; custom_height=&#8221;1&#8243;]\n<p style=\"padding-bottom:40px;\">\n<p>In his presentations Juan Pablo analyses how to build and manage an enduring successful company and how to improve a manager&#8217;s professional career using innovation to his advantage.<\/p>\n<p>His enlightening presentations make Juan Pablo V\u00e1zquez Sampere a sought-after speaker at conferences around the globe.<\/p>\n<p>If you would like to book Juan Pablo V\u00e1zquez Sampere for your next event, please call Jordi Mass\u00f3-Par\u00e9s on +376 735 155 or send an email to <a href=\"mailto:jordi@csaspeakers.com\" target=\"_blank\" rel=\"noopener noreferrer\">jordi@csaspeakers.com<\/a>.<\/p>\n<p style=\"padding-top:10px;\">\n","protected":false},"excerpt":{"rendered":"<p>To book Juan Pablo V\u00e1zquez Sampere [divider line_type=&#8221;Full Width Line&#8221; custom_height=&#8221;1&#8243;] In his presentations Juan Pablo analyses how to build and manage an enduring successful company and how to improve&#8230;<\/p>\n","protected":false},"author":1,"featured_media":0,"parent":0,"menu_order":0,"comment_status":"open","ping_status":"open","template":"","meta":{"footnotes":""},"class_list":["post-50","page","type-page","status-publish"],"_links":{"self":[{"href":"https:\/\/www.speakers.co.uk\/microsites\/jp-vazquez-sampere\/wp-json\/wp\/v2\/pages\/50","targetHints":{"allow":["GET"]}}],"collection":[{"href":"https:\/\/www.speakers.co.uk\/microsites\/jp-vazquez-sampere\/wp-json\/wp\/v2\/pages"}],"about":[{"href":"https:\/\/www.speakers.co.uk\/microsites\/jp-vazquez-sampere\/wp-json\/wp\/v2\/types\/page"}],"author":[{"embeddable":true,"href":"https:\/\/www.speakers.co.uk\/microsites\/jp-vazquez-sampere\/wp-json\/wp\/v2\/users\/1"}],"replies":[{"embeddable":true,"href":"https:\/\/www.speakers.co.uk\/microsites\/jp-vazquez-sampere\/wp-json\/wp\/v2\/comments?post=50"}],"version-history":[{"count":2,"href":"https:\/\/www.speakers.co.uk\/microsites\/jp-vazquez-sampere\/wp-json\/wp\/v2\/pages\/50\/revisions"}],"predecessor-version":[{"id":80,"href":"https:\/\/www.speakers.co.uk\/microsites\/jp-vazquez-sampere\/wp-json\/wp\/v2\/pages\/50\/revisions\/80"}],"wp:attachment":[{"href":"https:\/\/www.speakers.co.uk\/microsites\/jp-vazquez-sampere\/wp-json\/wp\/v2\/media?parent=50"}],"curies":[{"name":"wp","href":"https:\/\/api.w.org\/{rel}","templated":true}]}}