{"id":64,"date":"2014-08-11T14:40:11","date_gmt":"2014-08-11T14:40:11","guid":{"rendered":"http:\/\/www.speakers.co.uk\/microsites\/pau-garcia-mila\/?page_id=64"},"modified":"2019-03-25T10:16:56","modified_gmt":"2019-03-25T10:16:56","slug":"book-pau-garcia-mila","status":"publish","type":"page","link":"https:\/\/www.speakers.co.uk\/microsites\/pau-garcia-mila\/book-pau-garcia-mila\/","title":{"rendered":"Book Pau Garc\u00eda-Mil\u00e0"},"content":{"rendered":"[vc_row type=&#8221;in_container&#8221; full_screen_row_position=&#8221;middle&#8221; scene_position=&#8221;center&#8221; text_color=&#8221;dark&#8221; text_align=&#8221;left&#8221; overlay_strength=&#8221;0.3&#8243; shape_divider_position=&#8221;bottom&#8221; bg_image_animation=&#8221;none&#8221;][vc_column column_padding=&#8221;no-extra-padding&#8221; column_padding_position=&#8221;all&#8221; background_color_opacity=&#8221;1&#8243; background_hover_color_opacity=&#8221;1&#8243; column_link_target=&#8221;_self&#8221; column_shadow=&#8221;none&#8221; column_border_radius=&#8221;none&#8221; width=&#8221;1\/1&#8243; tablet_width_inherit=&#8221;default&#8221; tablet_text_alignment=&#8221;default&#8221; phone_text_alignment=&#8221;default&#8221; column_border_width=&#8221;none&#8221; column_border_style=&#8221;solid&#8221; bg_image_animation=&#8221;none&#8221;][vc_column_text]\n<h2 style=\"text-align: center; padding-bottom: 10px;\">To Book Pau Garc\u00eda-Mil\u00e0<\/h2>\n[divider line_type=&#8221;Full Width Line&#8221; custom_height=&#8221;1&#8243;]\n[\/vc_column_text][divider line_type=&#8221;No Line&#8221; custom_height=&#8221;30&#8243;][vc_column_text]\nPau is a dynamic entrepreneur surfing the wave of new technologies changing the way we do business around the world. He offers audiences wide reaching insights into the value that can be created and maintained through his proven Digital Business strategies which can be applied to companies in all areas.<\/p>\n<p>Pau&#8217;s tailored presentations are filled with a veritable wealth of useful information delivered in an engaging and well thought out style guaranteed to inspire audiences.<\/p>\n<p>If you would like to book Pau Garc\u00eda-Mil\u00e0 for your next event, please call Jordi Mass\u00f3 Par\u00e9s on +376 735 155 or send an email to <a href=\"mailto:jordi@csaspeakers.com\" target=\"_blank\" rel=\"noopener noreferrer\">jordi@csaspeakers.com<\/a>.[\/vc_column_text][\/vc_column][\/vc_row]\n","protected":false},"excerpt":{"rendered":"<p>[vc_row type=&#8221;in_container&#8221; full_screen_row_position=&#8221;middle&#8221; scene_position=&#8221;center&#8221; text_color=&#8221;dark&#8221; text_align=&#8221;left&#8221; overlay_strength=&#8221;0.3&#8243; shape_divider_position=&#8221;bottom&#8221; bg_image_animation=&#8221;none&#8221;][vc_column column_padding=&#8221;no-extra-padding&#8221; column_padding_position=&#8221;all&#8221; background_color_opacity=&#8221;1&#8243; background_hover_color_opacity=&#8221;1&#8243; column_link_target=&#8221;_self&#8221; column_shadow=&#8221;none&#8221; column_border_radius=&#8221;none&#8221; width=&#8221;1\/1&#8243; tablet_width_inherit=&#8221;default&#8221; tablet_text_alignment=&#8221;default&#8221; phone_text_alignment=&#8221;default&#8221; column_border_width=&#8221;none&#8221; column_border_style=&#8221;solid&#8221; bg_image_animation=&#8221;none&#8221;][vc_column_text] To Book Pau Garc\u00eda-Mil\u00e0 [divider line_type=&#8221;Full Width&#8230;<\/p>\n","protected":false},"author":1,"featured_media":0,"parent":0,"menu_order":0,"comment_status":"open","ping_status":"open","template":"","meta":{"footnotes":""},"class_list":["post-64","page","type-page","status-publish"],"_links":{"self":[{"href":"https:\/\/www.speakers.co.uk\/microsites\/pau-garcia-mila\/wp-json\/wp\/v2\/pages\/64","targetHints":{"allow":["GET"]}}],"collection":[{"href":"https:\/\/www.speakers.co.uk\/microsites\/pau-garcia-mila\/wp-json\/wp\/v2\/pages"}],"about":[{"href":"https:\/\/www.speakers.co.uk\/microsites\/pau-garcia-mila\/wp-json\/wp\/v2\/types\/page"}],"author":[{"embeddable":true,"href":"https:\/\/www.speakers.co.uk\/microsites\/pau-garcia-mila\/wp-json\/wp\/v2\/users\/1"}],"replies":[{"embeddable":true,"href":"https:\/\/www.speakers.co.uk\/microsites\/pau-garcia-mila\/wp-json\/wp\/v2\/comments?post=64"}],"version-history":[{"count":3,"href":"https:\/\/www.speakers.co.uk\/microsites\/pau-garcia-mila\/wp-json\/wp\/v2\/pages\/64\/revisions"}],"predecessor-version":[{"id":112,"href":"https:\/\/www.speakers.co.uk\/microsites\/pau-garcia-mila\/wp-json\/wp\/v2\/pages\/64\/revisions\/112"}],"wp:attachment":[{"href":"https:\/\/www.speakers.co.uk\/microsites\/pau-garcia-mila\/wp-json\/wp\/v2\/media?parent=64"}],"curies":[{"name":"wp","href":"https:\/\/api.w.org\/{rel}","templated":true}]}}